{"id":598,"date":"2016-11-02T16:15:19","date_gmt":"2016-11-02T16:15:19","guid":{"rendered":"https:\/\/www.1898miniaturas.com\/?page_id=598\/"},"modified":"2016-12-14T18:39:03","modified_gmt":"2016-12-14T18:39:03","slug":"wargame","status":"publish","type":"page","link":"https:\/\/www.1898miniaturas.com\/en\/wargame\/","title":{"rendered":"Wargame"},"content":{"rendered":"<p>[et_pb_section admin_label=&#8221;Secci\u00f3n&#8221; fullwidth=&#8221;off&#8221; specialty=&#8221;off&#8221;][et_pb_row admin_label=&#8221;row&#8221;][et_pb_column type=&#8221;4_4&#8243;][et_pb_text admin_label=&#8221;Texto&#8221; background_layout=&#8221;light&#8221; text_orientation=&#8221;left&#8221; use_border_color=&#8221;off&#8221; border_color=&#8221;#ffffff&#8221; border_style=&#8221;solid&#8221;]<\/p>\n<h1 style=\"text-align: center;\">Wargame<\/h1>\n<p>Military miniatures have an undoubted power of evocation of the past, while they bring us back to, in Rilke&#8217;s words, our true homeland, childhood. A wargame is nothing more than a sophisticated version of the tiny soldiers games of our childhood, when history and adventures were indissolubly linked together. And as it could not be otherwise, 1898 Miniatures is born with the aim and the desire that grown children like us imagine the past playing with our miniatures.<\/p>\n<p>To this end, as unfortunately specific rulesets for the Cuban War of Independence and the Spanish-American War are non-existent, we will propose scenarios and adaptations of the currently most popular rulesets to this exciting historical period, plenty of possibilities from the point of view of wargaming: no quarter given mambi ambushes in the Cuban manigua to the cry of &#8216;al machete&#8217;, raids in the trochas\u00a0&#8216;with lead and torch&#8217;, assaults to entrenched tagalo villages in the heart of the jungle of Luzon where &#8216;one gets tired of killing&#8217;, actions against the &#8216;moor&#8217; pirates of Jol\u00f3 and Mindanao or courageous defenses in the face of overwhelming American superiority, who immediately regarded the Spaniards &#8220;magnificent enemies&#8221;. All this in the form of free articles by seasoned players of the\u00a0wargame scene.<\/p>\n<p>[\/et_pb_text][\/et_pb_column][\/et_pb_row][et_pb_row admin_label=&#8221;Fila&#8221;][et_pb_column type=&#8221;4_4&#8243;][et_pb_articles admin_label=&#8221;1898 Articles&#8221; fullwidth=&#8221;on&#8221; include_categories=&#8221;5&#8243; show_title=&#8221;on&#8221; show_categories=&#8221;on&#8221; show_pagination=&#8221;on&#8221; background_layout=&#8221;light&#8221; title_font_size_tablet=&#8221;51&#8243; title_line_height_tablet=&#8221;2&#8243; caption_font_size_tablet=&#8221;51&#8243; caption_line_height_tablet=&#8221;2&#8243; use_border_color=&#8221;off&#8221; border_color=&#8221;#ffffff&#8221; border_style=&#8221;solid&#8221; posts_number=&#8221;12&#8243;] [\/et_pb_articles][\/et_pb_column][\/et_pb_row][\/et_pb_section][et_pb_section admin_label=&#8221;Secci\u00f3n&#8221; global_module=&#8221;667&#8243; fullwidth=&#8221;off&#8221; specialty=&#8221;off&#8221; background_image=&#8221;https:\/\/www.1898miniaturas.com\/wp-content\/uploads\/2016\/11\/newsletter.jpg&#8221; transparent_background=&#8221;off&#8221; allow_player_pause=&#8221;off&#8221; inner_shadow=&#8221;off&#8221; parallax=&#8221;off&#8221; parallax_method=&#8221;off&#8221; padding_mobile=&#8221;off&#8221; make_fullwidth=&#8221;off&#8221; use_custom_width=&#8221;off&#8221; width_unit=&#8221;on&#8221; make_equal=&#8221;off&#8221; use_custom_gutter=&#8221;off&#8221; module_id=&#8221;newsletter&#8221;][et_pb_row global_parent=&#8221;667&#8243; admin_label=&#8221;Fila&#8221;][et_pb_column type=&#8221;4_4&#8243;][et_pb_text global_parent=&#8221;667&#8243; admin_label=&#8221;Newsletter&#8221; background_layout=&#8221;dark&#8221; text_orientation=&#8221;center&#8221; use_border_color=&#8221;off&#8221; border_color=&#8221;#ffffff&#8221; border_style=&#8221;solid&#8221;]<\/p>\n<p><!-- Begin MailChimp Signup Form --><\/p>\n<div id=\"mc_embed_signup\">\n<form id=\"mc-embedded-subscribe-form\" class=\"validate\" action=\"\/\/1898miniatures.us14.list-manage.com\/subscribe\/post?u=c409e037bc428a95177a485d5&amp;id=371cf5dde4\" method=\"post\" name=\"mc-embedded-subscribe-form\" novalidate=\"novalidate\" target=\"_blank\">\n<div id=\"mc_embed_signup_scroll\">\n<div class=\"mc-field-group\"><input id=\"mce-EMAIL\" class=\"required email\" name=\"EMAIL\" type=\"email\" value=\"\" placeholder=\"Email\" \/> <input id=\"mc-embedded-subscribe\" class=\"button\" name=\"subscribe\" type=\"submit\" value=\"Suscribe\" \/><\/div>\n<div id=\"mce-responses\" class=\"clear\"><\/div>\n<p><!-- real people should not fill this in and expect good things - do not remove this or risk form bot signups--><\/p>\n<div style=\"position: absolute; left: -5000px;\"><input tabindex=\"-1\" name=\"b_c409e037bc428a95177a485d5_371cf5dde4\" type=\"text\" value=\"\" \/><\/div>\n<\/div>\n<\/form>\n<\/div>\n<p><!--End mc_embed_signup-->[\/et_pb_text][\/et_pb_column][\/et_pb_row][\/et_pb_section]<\/p>\n","protected":false},"excerpt":{"rendered":"<p>Wargame Military miniatures have an undoubted power of evocation of the past, while they bring us back to, in Rilke&#8217;s words, our true homeland, childhood. A wargame is nothing more than a sophisticated version of the tiny soldiers games of our childhood, when history and adventures were indissolubly linked together. And as it could not [&hellip;]<\/p>\n","protected":false},"author":1,"featured_media":0,"parent":0,"menu_order":0,"comment_status":"closed","ping_status":"closed","template":"","meta":{"_acf_changed":false,"_et_pb_use_builder":"on","_et_pb_old_content":"<p>[et_pb_section admin_label=\"Secci\u00f3n\" fullwidth=\"off\" specialty=\"off\"][et_pb_row admin_label=\"row\"][et_pb_column type=\"4_4\"][et_pb_text admin_label=\"Texto\" background_layout=\"light\" text_orientation=\"left\" use_border_color=\"off\" border_color=\"#ffffff\" border_style=\"solid\"]<\/p><h1 style=\"text-align: center;\">Wargame<\/h1><p class=\"p1\"><span class=\"s1\">Las miniaturas militares tienen un indudable poder de evocaci\u00f3n del pasado, al tiempo que nos remontan a, en palabras de Rilke, nuestra verdadera patria, la infancia. Y el <i>wargame<\/i> no es otra cosa que una versi\u00f3n sofisticada de los juegos de soldaditos de nuestra ni\u00f1ez, cuando historia y aventuras eran t\u00e9rminos indisolubles. Y como no pod\u00eda ser de otra manera, <b>1898 Miniaturas<\/b> nace con la aspiraci\u00f3n y con el deseo de que ni\u00f1os grandes como nosotros imaginen el pasado jugando con nuestras miniaturas. Para ello, como desgraciadamente no abundan los reglamentos espec\u00edficos de las guerras de Cuba y Filipinas, proponemos escenarios y adaptaciones de los reglamentos m\u00e1s populares del momento a este apasionante periodo hist\u00f3rico, con un enorme potencial desde el punto de vista de los juegos de estrategia: emboscadas sin cuartel mambises en la manigua cubana al grito de \u201cal machete\u201d, incursiones en la trocha \u201ca plomo y tea\", asaltos a aldeas atrincheradas tagalas en el coraz\u00f3n de la jungla de Luz\u00f3n en las que \u201cse cansa uno de matar\", acciones contra los piratas \u201cmoros\u201d de Jol\u00f3 y Mindanao o corajudas defensas a ultranza frente a la abrumadora superioridad del estadounidense, que enseguida tild\u00f3 al espa\u00f1ol de \"enemigo magn\u00edfico\". Todo ello en forma de art\u00edculos gratuitos a cargo de curtidos jugadores del panorama del <i>wargame<\/i> nacional.<\/span><\/p><p>[\/et_pb_text][\/et_pb_column][\/et_pb_row][et_pb_row admin_label=\"Fila\"][et_pb_column type=\"4_4\"][et_pb_articles admin_label=\"1898 Articles\" fullwidth=\"on\" include_categories=\"5\" show_title=\"on\" show_categories=\"on\" show_pagination=\"on\" background_layout=\"light\" title_font_size_tablet=\"51\" title_line_height_tablet=\"2\" caption_font_size_tablet=\"51\" caption_line_height_tablet=\"2\" use_border_color=\"off\" border_color=\"#ffffff\" border_style=\"solid\" posts_number=\"12\"] [\/et_pb_articles][\/et_pb_column][\/et_pb_row][\/et_pb_section][et_pb_section admin_label=\"Secci\u00f3n\" global_module=\"350\" fullwidth=\"off\" specialty=\"off\" background_image=\"https:\/\/www.1898miniaturas.com\/wp-content\/uploads\/2016\/11\/newsletter.jpg\" transparent_background=\"off\" allow_player_pause=\"off\" inner_shadow=\"off\" parallax=\"off\" parallax_method=\"off\" padding_mobile=\"off\" make_fullwidth=\"off\" use_custom_width=\"off\" width_unit=\"on\" make_equal=\"off\" use_custom_gutter=\"off\" module_id=\"newsletter\"][et_pb_row global_parent=\"350\" admin_label=\"Fila\"][et_pb_column type=\"4_4\"][et_pb_text global_parent=\"350\" admin_label=\"Newsletter\" background_layout=\"dark\" text_orientation=\"center\" use_border_color=\"off\" border_color=\"#ffffff\" border_style=\"solid\"]<\/p><p><!-- Begin MailChimp Signup Form --><\/p><div id=\"mc_embed_signup\"><form id=\"mc-embedded-subscribe-form\" class=\"validate\" action=\"\/\/1898miniatures.us14.list-manage.com\/subscribe\/post?u=c409e037bc428a95177a485d5&id=371cf5dde4\" method=\"post\" name=\"mc-embedded-subscribe-form\" novalidate=\"\" target=\"_blank\"><div id=\"mc_embed_signup_scroll\"><div class=\"mc-field-group\"><input id=\"mce-EMAIL\" class=\"required email\" name=\"EMAIL\" type=\"email\" value=\"\" placeholder=\"Email\" \/> <input id=\"mc-embedded-subscribe\" class=\"button\" name=\"subscribe\" type=\"submit\" value=\"Suscribir\" \/><\/div><div id=\"mce-responses\" class=\"clear\">\u00a0<\/div><p><!-- real people should not fill this in and expect good things - do not remove this or risk form bot signups--><\/p><div style=\"position: absolute; left: -5000px;\"><input tabindex=\"-1\" name=\"b_c409e037bc428a95177a485d5_371cf5dde4\" type=\"text\" value=\"\" \/><\/div><\/div><\/form><\/div><p><!--End mc_embed_signup-->[\/et_pb_text][\/et_pb_column][\/et_pb_row][\/et_pb_section]<\/p>","_et_gb_content_width":"","footnotes":""},"class_list":["post-598","page","type-page","status-publish","hentry"],"acf":[],"yoast_head":"<!-- This site is optimized with the Yoast SEO plugin v27.5 - https:\/\/yoast.com\/product\/yoast-seo-wordpress\/ -->\n<title>Wargame - 1898 Miniaturas<\/title>\n<meta name=\"robots\" content=\"index, follow, max-snippet:-1, max-image-preview:large, max-video-preview:-1\" \/>\n<link rel=\"canonical\" href=\"https:\/\/www.1898miniaturas.com\/en\/wargame\/\" \/>\n<meta property=\"og:locale\" content=\"en_US\" \/>\n<meta property=\"og:type\" content=\"article\" \/>\n<meta property=\"og:title\" content=\"Wargame - 1898 Miniaturas\" \/>\n<meta property=\"og:description\" content=\"Wargame Military miniatures have an undoubted power of evocation of the past, while they bring us back to, in Rilke&#039;s words, our true homeland, childhood. A wargame is nothing more than a sophisticated version of the tiny soldiers games of our childhood, when history and adventures were indissolubly linked together. And as it could not [&hellip;]\" \/>\n<meta property=\"og:url\" content=\"https:\/\/www.1898miniaturas.com\/en\/wargame\/\" \/>\n<meta property=\"og:site_name\" content=\"1898 Miniaturas\" \/>\n<meta property=\"article:modified_time\" content=\"2016-12-14T18:39:03+00:00\" \/>\n<meta name=\"twitter:card\" content=\"summary_large_image\" \/>\n<meta name=\"twitter:label1\" content=\"Est. reading time\" \/>\n\t<meta name=\"twitter:data1\" content=\"2 minutes\" \/>\n<script type=\"application\/ld+json\" class=\"yoast-schema-graph\">{\"@context\":\"https:\\\/\\\/schema.org\",\"@graph\":[{\"@type\":\"WebPage\",\"@id\":\"https:\\\/\\\/www.1898miniaturas.com\\\/en\\\/wargame\\\/\",\"url\":\"https:\\\/\\\/www.1898miniaturas.com\\\/en\\\/wargame\\\/\",\"name\":\"Wargame - 1898 Miniaturas\",\"isPartOf\":{\"@id\":\"https:\\\/\\\/www.1898miniaturas.com\\\/en\\\/#website\"},\"datePublished\":\"2016-11-02T16:15:19+00:00\",\"dateModified\":\"2016-12-14T18:39:03+00:00\",\"breadcrumb\":{\"@id\":\"https:\\\/\\\/www.1898miniaturas.com\\\/en\\\/wargame\\\/#breadcrumb\"},\"inLanguage\":\"en-US\",\"potentialAction\":[{\"@type\":\"ReadAction\",\"target\":[\"https:\\\/\\\/www.1898miniaturas.com\\\/en\\\/wargame\\\/\"]}]},{\"@type\":\"BreadcrumbList\",\"@id\":\"https:\\\/\\\/www.1898miniaturas.com\\\/en\\\/wargame\\\/#breadcrumb\",\"itemListElement\":[{\"@type\":\"ListItem\",\"position\":1,\"name\":\"Portada\",\"item\":\"https:\\\/\\\/www.1898miniaturas.com\\\/en\\\/\"},{\"@type\":\"ListItem\",\"position\":2,\"name\":\"Wargame\"}]},{\"@type\":\"WebSite\",\"@id\":\"https:\\\/\\\/www.1898miniaturas.com\\\/en\\\/#website\",\"url\":\"https:\\\/\\\/www.1898miniaturas.com\\\/en\\\/\",\"name\":\"1898 Miniaturas\",\"description\":\"\",\"potentialAction\":[{\"@type\":\"SearchAction\",\"target\":{\"@type\":\"EntryPoint\",\"urlTemplate\":\"https:\\\/\\\/www.1898miniaturas.com\\\/en\\\/?s={search_term_string}\"},\"query-input\":{\"@type\":\"PropertyValueSpecification\",\"valueRequired\":true,\"valueName\":\"search_term_string\"}}],\"inLanguage\":\"en-US\"}]}<\/script>\n<!-- \/ Yoast SEO plugin. -->","yoast_head_json":{"title":"Wargame - 1898 Miniaturas","robots":{"index":"index","follow":"follow","max-snippet":"max-snippet:-1","max-image-preview":"max-image-preview:large","max-video-preview":"max-video-preview:-1"},"canonical":"https:\/\/www.1898miniaturas.com\/en\/wargame\/","og_locale":"en_US","og_type":"article","og_title":"Wargame - 1898 Miniaturas","og_description":"Wargame Military miniatures have an undoubted power of evocation of the past, while they bring us back to, in Rilke's words, our true homeland, childhood. A wargame is nothing more than a sophisticated version of the tiny soldiers games of our childhood, when history and adventures were indissolubly linked together. And as it could not [&hellip;]","og_url":"https:\/\/www.1898miniaturas.com\/en\/wargame\/","og_site_name":"1898 Miniaturas","article_modified_time":"2016-12-14T18:39:03+00:00","twitter_card":"summary_large_image","twitter_misc":{"Est. reading time":"2 minutes"},"schema":{"@context":"https:\/\/schema.org","@graph":[{"@type":"WebPage","@id":"https:\/\/www.1898miniaturas.com\/en\/wargame\/","url":"https:\/\/www.1898miniaturas.com\/en\/wargame\/","name":"Wargame - 1898 Miniaturas","isPartOf":{"@id":"https:\/\/www.1898miniaturas.com\/en\/#website"},"datePublished":"2016-11-02T16:15:19+00:00","dateModified":"2016-12-14T18:39:03+00:00","breadcrumb":{"@id":"https:\/\/www.1898miniaturas.com\/en\/wargame\/#breadcrumb"},"inLanguage":"en-US","potentialAction":[{"@type":"ReadAction","target":["https:\/\/www.1898miniaturas.com\/en\/wargame\/"]}]},{"@type":"BreadcrumbList","@id":"https:\/\/www.1898miniaturas.com\/en\/wargame\/#breadcrumb","itemListElement":[{"@type":"ListItem","position":1,"name":"Portada","item":"https:\/\/www.1898miniaturas.com\/en\/"},{"@type":"ListItem","position":2,"name":"Wargame"}]},{"@type":"WebSite","@id":"https:\/\/www.1898miniaturas.com\/en\/#website","url":"https:\/\/www.1898miniaturas.com\/en\/","name":"1898 Miniaturas","description":"","potentialAction":[{"@type":"SearchAction","target":{"@type":"EntryPoint","urlTemplate":"https:\/\/www.1898miniaturas.com\/en\/?s={search_term_string}"},"query-input":{"@type":"PropertyValueSpecification","valueRequired":true,"valueName":"search_term_string"}}],"inLanguage":"en-US"}]}},"_links":{"self":[{"href":"https:\/\/www.1898miniaturas.com\/en\/wp-json\/wp\/v2\/pages\/598","targetHints":{"allow":["GET"]}}],"collection":[{"href":"https:\/\/www.1898miniaturas.com\/en\/wp-json\/wp\/v2\/pages"}],"about":[{"href":"https:\/\/www.1898miniaturas.com\/en\/wp-json\/wp\/v2\/types\/page"}],"author":[{"embeddable":true,"href":"https:\/\/www.1898miniaturas.com\/en\/wp-json\/wp\/v2\/users\/1"}],"replies":[{"embeddable":true,"href":"https:\/\/www.1898miniaturas.com\/en\/wp-json\/wp\/v2\/comments?post=598"}],"version-history":[{"count":3,"href":"https:\/\/www.1898miniaturas.com\/en\/wp-json\/wp\/v2\/pages\/598\/revisions"}],"predecessor-version":[{"id":688,"href":"https:\/\/www.1898miniaturas.com\/en\/wp-json\/wp\/v2\/pages\/598\/revisions\/688"}],"wp:attachment":[{"href":"https:\/\/www.1898miniaturas.com\/en\/wp-json\/wp\/v2\/media?parent=598"}],"curies":[{"name":"wp","href":"https:\/\/api.w.org\/{rel}","templated":true}]}}