{"id":597,"date":"2016-11-02T16:14:31","date_gmt":"2016-11-02T16:14:31","guid":{"rendered":"https:\/\/www.1898miniaturas.com\/?page_id=597\/"},"modified":"2019-12-24T08:33:18","modified_gmt":"2019-12-24T08:33:18","slug":"about-us","status":"publish","type":"page","link":"https:\/\/www.1898miniaturas.com\/en\/about-us\/","title":{"rendered":"About us"},"content":{"rendered":"<p>[et_pb_section fb_built=&#8221;1&#8243; admin_label=&#8221;section&#8221; _builder_version=&#8221;3.22&#8243;][et_pb_row admin_label=&#8221;row&#8221; _builder_version=&#8221;3.25&#8243; background_size=&#8221;initial&#8221; background_position=&#8221;top_left&#8221; background_repeat=&#8221;repeat&#8221;][et_pb_column type=&#8221;4_4&#8243; _builder_version=&#8221;3.25&#8243; custom_padding=&#8221;|||&#8221; custom_padding__hover=&#8221;|||&#8221;][et_pb_text admin_label=&#8221;Texto&#8221; _builder_version=&#8221;3.27.4&#8243; background_size=&#8221;initial&#8221; background_position=&#8221;top_left&#8221; background_repeat=&#8221;repeat&#8221; use_border_color=&#8221;off&#8221; border_color=&#8221;#ffffff&#8221; border_style=&#8221;solid&#8221;]<\/p>\n<h1 class=\"western\" style=\"text-align: center;\">OUR\u00a0VISION<\/h1>\n<p><strong>1898 Miniaturas <\/strong>is the dream come true of Rafael G\u00f3mez and Javier G\u00f3mez &#8216;El Mercenario&#8217;), two brothers with a decades long link to the world of miniatures that want to show their personal vision of the hobby with this project, a mix of History, modeling and wargaming.<\/p>\n<p class=\"western\"><a href=\"https:\/\/www.1898miniaturas.com\/en\/history\/\" target=\"_blank\" rel=\"noopener noreferrer\"><b>History<\/b><\/a> because 1898 Miniaturas is born with the aim to recreate unfairly forgotten periods of our past, as the Cuban War of Independence and the Spanish-American War, complementing the ranges of miniatures with history or uniformology articles of said conflicts from the pen of renowned authors, and dear friends, like Julio Albi de la Cuesta or Francisco Gracia Alonso.<\/p>\n<p class=\"western\"><a href=\"https:\/\/www.1898miniaturas.com\/en\/modeling-and-painting\/\" target=\"_blank\" rel=\"noopener noreferrer\"><b>Modeling<\/b><\/a>\u00a0because 1898 Miniaturas is, above all, an initiative that intends to release 28mm miniatures for collectors, painters and wargamers with a great level of detail and quality, sculpted by Jos\u00e9 Hidalgo, current sculptor\u00a0and owner of <a href=\"http:\/\/www.miniaturasbeneito.com\/\" target=\"_blank\" rel=\"noopener noreferrer\">Miniaturas Beneito<\/a> and with extensive experience in the sector. Without forgetting, of course, the historical rigor, for which we have accredited advisers like Luis Sorando Muz\u00e1s or <a href=\"http:\/\/www.agmohio.com\/losrayadillos.htm\" target=\"_blank\" rel=\"noopener noreferrer\">William Combs<\/a>, or the painting techniques to paint them, by Javier G\u00f3mez &#8216;El Mercenario&#8217;.<\/p>\n<p class=\"western\">And<b><a href=\"https:\/\/www.1898miniaturas.com\/en\/wargame\/\" target=\"_blank\" rel=\"noopener noreferrer\"> Wargame<\/a>\u00a0<\/b>because the 1898 Miniaturas ranges are ideal to recreate conflicts at different scales, from small unit skirmishes to field\u00a0battles. For this we will offer adaptations of different rulesets for this period, as well as different game scenarios.<\/p>\n<p><strong>\u00a0<\/strong><br \/>\n[\/et_pb_text][\/et_pb_column][\/et_pb_row][\/et_pb_section][et_pb_section fb_built=&#8221;1&#8243; admin_label=&#8221;section&#8221; _builder_version=&#8221;3.22&#8243;][et_pb_row admin_label=&#8221;row&#8221; _builder_version=&#8221;3.25&#8243; background_size=&#8221;initial&#8221; background_position=&#8221;top_left&#8221; background_repeat=&#8221;repeat&#8221;][et_pb_column type=&#8221;4_4&#8243; _builder_version=&#8221;3.25&#8243; custom_padding=&#8221;|||&#8221; custom_padding__hover=&#8221;|||&#8221;][et_pb_text admin_label=&#8221;Texto&#8221; _builder_version=&#8221;3.27.4&#8243; background_size=&#8221;initial&#8221; background_position=&#8221;top_left&#8221; background_repeat=&#8221;repeat&#8221; use_border_color=&#8221;off&#8221; border_color=&#8221;#ffffff&#8221; border_style=&#8221;solid&#8221;]<\/p>\n<h1 class=\"western\" style=\"text-align: center;\">\u00a0OUR TEAM<\/h1>\n<p>[\/et_pb_text][\/et_pb_column][\/et_pb_row][et_pb_row admin_label=&#8221;Fila&#8221; _builder_version=&#8221;3.25&#8243; background_size=&#8221;initial&#8221; background_position=&#8221;top_left&#8221; background_repeat=&#8221;repeat&#8221; column_structure=&#8221;1_2,1_2&#8243;][et_pb_column type=&#8221;1_2&#8243; _builder_version=&#8221;3.25&#8243; custom_padding=&#8221;|||&#8221; custom_padding__hover=&#8221;|||&#8221;][et_pb_team_member name=&#8221;Rafael G\u00f3mez Valero&#8221; position=&#8221;Founder of 1898 Miniaturas. I am the owner of Atlantica Juegos, a store specializing on miniatures, wargames and Military History.&#8221; image_url=&#8221;https:\/\/www.1898miniaturas.com\/wp-content\/uploads\/2016\/11\/IMG_2722-3.jpg&#8221; admin_label=&#8221;Persona&#8221; _builder_version=&#8221;3.0.87&#8243; background_size=&#8221;initial&#8221; background_position=&#8221;top_left&#8221; background_repeat=&#8221;repeat&#8221; use_border_color=&#8221;off&#8221; border_color=&#8221;#ffffff&#8221; border_style=&#8221;solid&#8221;]My first experience with this hobby happened during High School with role playing games. Later, back in 1990, at the age of 22, I opened my first store in Madrid called &#8220;El Baluarte&#8221;, specialized in board wargames, role playing games and fantasy games. I had always been very fond of military history, so as soon as I had the first historical miniatures in my hands (Napoleonics from Front Rank, by the way) I decided to get fully involved in this subject and opened a section just for historical wargames miniatures.<\/p>\n<p>A couple of years later I entered the Librer\u00eda Atl\u00e1ntica team, which was the germ of current <a href=\"http:\/\/atlanticajuegos.com\/\" target=\"_blank\" rel=\"noopener noreferrer\">Atlantica Juegos<\/a>, which over the years has become a national benchmark in miniaturism, wargaming and Military History. Despite becoming my way of life, twenty-six years later I still feel passionate about this hobby, for which I raise the stakes with this new and exciting project, 1898 Miniaturas.<\/p>\n<p>&nbsp;<br \/>\n[\/et_pb_team_member][\/et_pb_column][et_pb_column type=&#8221;1_2&#8243; _builder_version=&#8221;3.25&#8243; custom_padding=&#8221;|||&#8221; custom_padding__hover=&#8221;|||&#8221;][et_pb_team_member name=&#8221;Javier G\u00f3mez Valero&#8221; position=&#8221;Founder of 1898 Miniatures. I am a PhD in History, professional miniature painter more known as &#8216;El Mercenario&#8217; and coeditor of Desperta Ferro Ediciones.&#8221; image_url=&#8221;https:\/\/www.1898miniaturas.com\/wp-content\/uploads\/2017\/07\/IMG_6010-2.jpg&#8221; facebook_url=&#8221;https:\/\/www.facebook.com\/javier.gomezvalero&#8221; admin_label=&#8221;Persona&#8221; _builder_version=&#8221;3.0.87&#8243; background_size=&#8221;initial&#8221; background_position=&#8221;top_left&#8221; background_repeat=&#8221;repeat&#8221; use_border_color=&#8221;off&#8221; border_color=&#8221;#ffffff&#8221; border_style=&#8221;solid&#8221;]My first contact with miniaturism came in the late 80&#8217;s thanks to role playing games and some infamous orc miniatures that I &#8220;colored&#8221; with Humbrol paints from my brothers. However, from very early on I developed a passion for history that lasts until today and, being barely 15, I began to paint Napoleonic miniatures. Therefore it is not surprising that after finishing high school I enrolled in History, which I combined with working part time in Atl\u00e1ntica Juegos and painting miniatures by commission.<\/p>\n<p>After graduating I decided to dedicate myself more and more to miniaturism, acquiring with my good friend and by then partner David G\u00f3mez the nickname &#8216;El Mercenario&#8217;, a job that for two years I combined with the direction of the unfortunately defunct Spanish version of the magazine <a href=\"https:\/\/www.karwansaraypublishers.com\/pw\/wss\/\" target=\"_blank\" rel=\"noopener noreferrer\">Wargames: Soldiers and Strategy<\/a> (still available in its international version). Working solo, I painted miniatures for private collectors around the world, as well as for top brands like Perry Miniatures or Front Rank, and I have written dozens of articles for magazines and industry blogs, as well as the book <a href=\"http:\/\/www.pen-and-sword.co.uk\/Painting-Wargaming-Figures-Paperback\/p\/7221\" target=\"_blank\" rel=\"noopener noreferrer\">Painting Wargame Miniatures<\/a> (Pen &amp; Sword, 2015).<\/p>\n<p>In 2008 I moved to Barcelona and joined the <a href=\"http:\/\/www.alphaares.com\/\" target=\"_blank\" rel=\"noopener noreferrer\">Alpha Ares club<\/a>, which since 2014 I have the honor of presiding over. My life took a turn in 2010, the year when I founded, together with Alberto Perez and Carlos de la Rocha, <a href=\"https:\/\/www.despertaferro-ediciones.com\/\" target=\"_blank\" rel=\"noopener noreferrer\">Desperta Ferro Ediciones<\/a>, an editorial specializing in Political and Military History and Archeology that in a short time has become an indispensable reference in the sector, which I dedicate myself in body and soul (although I always try to spare some time to paint).<\/p>\n<p>&nbsp;<br \/>\n[\/et_pb_team_member][\/et_pb_column][\/et_pb_row][et_pb_row admin_label=&#8221;Fila&#8221; _builder_version=&#8221;3.25&#8243; background_size=&#8221;initial&#8221; background_position=&#8221;top_left&#8221; background_repeat=&#8221;repeat&#8221;][et_pb_column type=&#8221;4_4&#8243; _builder_version=&#8221;3.25&#8243; custom_padding=&#8221;|||&#8221; custom_padding__hover=&#8221;|||&#8221;][et_pb_text admin_label=&#8221;Texto&#8221; _builder_version=&#8221;3.27.4&#8243; background_size=&#8221;initial&#8221; background_position=&#8221;top_left&#8221; background_repeat=&#8221;repeat&#8221; use_border_color=&#8221;off&#8221; border_color=&#8221;#ffffff&#8221; border_style=&#8221;solid&#8221;]<\/p>\n<h3 style=\"text-align: center;\">Collaborators<\/h3>\n<p>[\/et_pb_text][\/et_pb_column][\/et_pb_row][et_pb_row admin_label=&#8221;Fila&#8221; _builder_version=&#8221;3.25&#8243; background_size=&#8221;initial&#8221; background_position=&#8221;top_left&#8221; background_repeat=&#8221;repeat&#8221;][et_pb_column type=&#8221;4_4&#8243; _builder_version=&#8221;3.25&#8243; custom_padding=&#8221;|||&#8221; custom_padding__hover=&#8221;|||&#8221;][et_pb_team_member name=&#8221;Jos\u00e9 Hidalgo&#8221; position=&#8221;Sculptor of 1898 Miniaturas&#8221; image_url=&#8221;https:\/\/www.1898miniaturas.com\/wp-content\/uploads\/2016\/11\/IMG-20161130-WA0033-1.jpg&#8221; facebook_url=&#8221;https:\/\/www.facebook.com\/jose.hidalgorojo?fref=ts&#8221; admin_label=&#8221;Persona&#8221; _builder_version=&#8221;3.0.87&#8243; header_font_size=&#8221;14&#8243; background_size=&#8221;initial&#8221; background_position=&#8221;top_left&#8221; background_repeat=&#8221;repeat&#8221; use_border_color=&#8221;off&#8221; border_color=&#8221;#ffffff&#8221; border_style=&#8221;solid&#8221;]My first contact with miniature soldiers was in the late 70&#8217;s, with Montaplex envelopes. Yes, much water has flowed under the bridge since then&#8230; And I have not stopped, first with 1:72 miniatures from Esci, Matchbox, etc, then with some models and the jump to bigger scales, both in plastic and metal. I began to collaborate with Fernando Beneito in 1995 or 1996, in the courses he gave in his workshop, and learned a more refined painting technique. I also took my first steps with putty, although I had already tried to do something with it years before. I started working for him about 2002. Fernando passed away in 2005, and his widow and me kept on for a couple of years more with <a href=\"http:\/\/www.miniaturasbeneito.com\/\" target=\"_blank\" rel=\"noopener noreferrer\">Miniatures Beneito<\/a> until she decided to leave it and I took charge, until now. I currently dedicate myself to sculpting originals, painting box art and casting copies.<br \/>\n[\/et_pb_team_member][et_pb_team_member name=&#8221;William Combs&#8221; position=&#8221;Historical advisor of 1898 Miniaturas&#8221; image_url=&#8221;https:\/\/www.1898miniaturas.com\/wp-content\/uploads\/2016\/11\/10325670_10202217625621908_205491052228801778_n.jpg&#8221; facebook_url=&#8221;https:\/\/www.facebook.com\/bill.combs.716?fref=ts&#8221; admin_label=&#8221;Persona&#8221; _builder_version=&#8221;3.0.87&#8243; header_font_size=&#8221;14&#8243; background_size=&#8221;initial&#8221; background_position=&#8221;top_left&#8221; background_repeat=&#8221;repeat&#8221; use_border_color=&#8221;off&#8221; border_color=&#8221;#ffffff&#8221; border_style=&#8221;solid&#8221;]William K. Combs, called \u201cBill\u201d by all who know him, was born in 1955 in Cincinnati, Ohio. He attended the University of Cincinnati and has worked at several living history museums in Illinois and New York. He is currently the business manager of the Ohio Valley Military Society, an organization that sponsors the largest militaria collector fairs in the United States. Bill saw his first rayadillo uniform in a display at the Ohio Historical Society museum in the mid-1970s. He recalls that he thought it was the most beautiful uniform he had even seen. From that moment was born his passion for the study and collecting of the history and material culture of the Spanish colonial army from before 1898. For over 40 years he has focused his research on the uniforms and arms used by the defenders of Spain\u2019s tropical empire. Some of the fruits of his labors can be viewed on his <a href=\"http:\/\/www.agmohio.com\/losrayadillos.htm\" target=\"_blank\" rel=\"noopener noreferrer\">website<\/a>. A comprehensive book covering the period of 1851-1898 is planned in the future.<\/p>\n<p>&nbsp;<br \/>\n[\/et_pb_team_member][et_pb_team_member name=&#8221;Luis Sorando Muz\u00e1s&#8221; position=&#8221;Historical adviser of 1898 Miniaturas&#8221; image_url=&#8221;https:\/\/www.1898miniaturas.com\/wp-content\/uploads\/2016\/11\/247624_4297048117817_1324921851_n.jpg&#8221; facebook_url=&#8221;https:\/\/www.facebook.com\/luis.sorandomuzas?fref=ts&#8221; admin_label=&#8221;Persona&#8221; _builder_version=&#8221;3.0.87&#8243; header_font_size=&#8221;14&#8243; background_size=&#8221;initial&#8221; background_position=&#8221;top_left&#8221; background_repeat=&#8221;repeat&#8221; hover_enabled=&#8221;0&#8243; use_border_color=&#8221;off&#8221; border_color=&#8221;#ffffff&#8221; border_style=&#8221;solid&#8221;]Luis Sorando Muz\u00e1s (Zaragoza 1961) is a founding member of the Spanish Napoleonic Association and president of A.H.C. Volunteers of Aragon. Adviser of the Army Museum, he is the author of &#8216;Flags, standards and trophies of the Army Museum 1700-1843. Catalogue raisonne&#8217;, and more than 100 essays and articles on Spanish flags and uniforms, especially from the Napoleonic period. He has been twice awarded the research prize of the Sieges of Zaragoza and the medal &#8220;Pro Memoria&#8221; of the Polish Government for his collaboration in spreading the study and the memory of its soldiers that fought in Spain.<\/p>\n<p>&nbsp;<br \/>\n[\/et_pb_team_member][et_pb_team_member name=&#8221;\u00c0lex Claramunt Soto&#8221; position=&#8221;Historical adviser of 1898 Miniaturas&#8221; image_url=&#8221;https:\/\/www.1898miniaturas.com\/wp-content\/uploads\/2019\/12\/A5A2965.jpg&#8221; admin_label=&#8221;Persona&#8221; _builder_version=&#8221;4.0.6&#8243; header_font_size=&#8221;14&#8243; background_size=&#8221;initial&#8221; background_position=&#8221;top_left&#8221; background_repeat=&#8221;repeat&#8221; hover_enabled=&#8221;0&#8243; use_border_color=&#8221;off&#8221; border_color=&#8221;#ffffff&#8221; border_style=&#8221;solid&#8221; twitter_url=&#8221;https:\/\/twitter.com\/MestreClaramunt&#8221;]<\/p>\n<p id=\"tw-target-text\" class=\"tw-data-text tw-text-large tw-ta\" dir=\"ltr\" data-placeholder=\"Traducci\u00f3n\"><span lang=\"en\" tabindex=\"0\">\u00c0lex Claramunt Soto is director of <a href=\"https:\/\/www.despertaferro-ediciones.com\/revistas-historia-militar\/historia-moderna\/\" target=\"_blank\" rel=\"noopener noreferrer\">Desperta Ferro Modern History<\/a> magazine, as well as a doctor in Media, Communication and Culture, and a graduate in Journalism from the Universitat Aut\u00f2noma de Barcelona. His interest is focused on the military history of the 16th to 18th centuries, on which he has published two books and various articles.<\/span><\/p>\n<p>&nbsp;<\/p>\n<p>[\/et_pb_team_member][\/et_pb_column][\/et_pb_row][\/et_pb_section]<\/p>\n","protected":false},"excerpt":{"rendered":"<p>OUR\u00a0VISION 1898 Miniaturas is the dream come true of Rafael G\u00f3mez and Javier G\u00f3mez &#8216;El Mercenario&#8217;), two brothers with a decades long link to the world of miniatures that want to show their personal vision of the hobby with this project, a mix of History, modeling and wargaming. History because 1898 Miniaturas is born with [&hellip;]<\/p>\n","protected":false},"author":1,"featured_media":0,"parent":0,"menu_order":0,"comment_status":"closed","ping_status":"closed","template":"","meta":{"_acf_changed":false,"_et_pb_use_builder":"on","_et_pb_old_content":"<h1 class=\"western\" style=\"text-align: center;\">NUESTRA VISI\u00d3N<\/h1><p class=\"western\"><b>1898 Miniaturas<\/b> es la materializaci\u00f3n del sue\u00f1o de Rafael y Javier G\u00f3mez, dos hermanos vinculados con el mundo del miniaturismo desde hace d\u00e9cadas que con este proyecto pretenden reflejar su personal visi\u00f3n del hobby, una combinaci\u00f3n de miniaturismo, historia y <i>wargame<\/i>.<\/p><p class=\"western\"><b>Miniaturismo<\/b> porque 1898 Miniaturas es ante todo eso, una iniciativa que pretende poner en el mercado figuras de 28mm para coleccionistas, pintores y <i>wargamers<\/i> con gran nivel de detalle, calidad, proporciones realistas y rigor hist\u00f3rico, esculpidas por el talentoso <span style=\"color: #ff0000;\">Antonio XXX<\/span>, <i>alma mater<\/i> de El Viejo Drag\u00f3n y con una amplia experiencia en el sector.<\/p><p class=\"western\"><b>Historia<\/b> porque 1898 Miniaturas nace con la vocaci\u00f3n de recrear periodos injustamente olvidados de nuestro pasado, como son las guerras de Cuba y Filipinas, acompa\u00f1ando las gamas de miniaturas con art\u00edculos de historia o uniformolog\u00eda de dichos conflictos de la pluma de reconocidos autores y queridos amigos como Julio Albi de la Cuesta, Luis Sorando Muz\u00e1s o Francisco Gracia Alonso.<\/p><p class=\"western\">Y <i><b>Wargame<\/b><\/i> porque las gamas de 1898 Miniaturas son ideales para recrear conflictos a diferentes escalas, desde emboscadas mambises a patrullas espa\u00f1olas en las guajiras cubanas, asaltos a pueblos fortificados tagalos en las junglas de Filipinas o enfrentamientos de envergadura con las tropas estadounidenses, para lo cual ofreceremos tanto adaptaciones de diferentes reglamentos al periodo como escenarios de juego.<\/p>","_et_gb_content_width":"","footnotes":""},"class_list":["post-597","page","type-page","status-publish","hentry"],"acf":[],"yoast_head":"<!-- This site is optimized with the Yoast SEO plugin v27.5 - https:\/\/yoast.com\/product\/yoast-seo-wordpress\/ -->\n<title>About us - 1898 Miniaturas<\/title>\n<meta name=\"robots\" content=\"index, follow, max-snippet:-1, max-image-preview:large, max-video-preview:-1\" \/>\n<link rel=\"canonical\" href=\"https:\/\/www.1898miniaturas.com\/en\/about-us\/\" \/>\n<meta property=\"og:locale\" content=\"en_US\" \/>\n<meta property=\"og:type\" content=\"article\" \/>\n<meta property=\"og:title\" content=\"About us - 1898 Miniaturas\" \/>\n<meta property=\"og:description\" content=\"OUR\u00a0VISION 1898 Miniaturas is the dream come true of Rafael G\u00f3mez and Javier G\u00f3mez &#039;El Mercenario&#039;), two brothers with a decades long link to the world of miniatures that want to show their personal vision of the hobby with this project, a mix of History, modeling and wargaming. History because 1898 Miniaturas is born with [&hellip;]\" \/>\n<meta property=\"og:url\" content=\"https:\/\/www.1898miniaturas.com\/en\/about-us\/\" \/>\n<meta property=\"og:site_name\" content=\"1898 Miniaturas\" \/>\n<meta property=\"article:modified_time\" content=\"2019-12-24T08:33:18+00:00\" \/>\n<meta name=\"twitter:card\" content=\"summary_large_image\" \/>\n<meta name=\"twitter:label1\" content=\"Est. reading time\" \/>\n\t<meta name=\"twitter:data1\" content=\"9 minutes\" \/>\n<script type=\"application\/ld+json\" class=\"yoast-schema-graph\">{\"@context\":\"https:\\\/\\\/schema.org\",\"@graph\":[{\"@type\":\"WebPage\",\"@id\":\"https:\\\/\\\/www.1898miniaturas.com\\\/en\\\/about-us\\\/\",\"url\":\"https:\\\/\\\/www.1898miniaturas.com\\\/en\\\/about-us\\\/\",\"name\":\"About us - 1898 Miniaturas\",\"isPartOf\":{\"@id\":\"https:\\\/\\\/www.1898miniaturas.com\\\/en\\\/#website\"},\"datePublished\":\"2016-11-02T16:14:31+00:00\",\"dateModified\":\"2019-12-24T08:33:18+00:00\",\"breadcrumb\":{\"@id\":\"https:\\\/\\\/www.1898miniaturas.com\\\/en\\\/about-us\\\/#breadcrumb\"},\"inLanguage\":\"en-US\",\"potentialAction\":[{\"@type\":\"ReadAction\",\"target\":[\"https:\\\/\\\/www.1898miniaturas.com\\\/en\\\/about-us\\\/\"]}]},{\"@type\":\"BreadcrumbList\",\"@id\":\"https:\\\/\\\/www.1898miniaturas.com\\\/en\\\/about-us\\\/#breadcrumb\",\"itemListElement\":[{\"@type\":\"ListItem\",\"position\":1,\"name\":\"Portada\",\"item\":\"https:\\\/\\\/www.1898miniaturas.com\\\/en\\\/\"},{\"@type\":\"ListItem\",\"position\":2,\"name\":\"About us\"}]},{\"@type\":\"WebSite\",\"@id\":\"https:\\\/\\\/www.1898miniaturas.com\\\/en\\\/#website\",\"url\":\"https:\\\/\\\/www.1898miniaturas.com\\\/en\\\/\",\"name\":\"1898 Miniaturas\",\"description\":\"\",\"potentialAction\":[{\"@type\":\"SearchAction\",\"target\":{\"@type\":\"EntryPoint\",\"urlTemplate\":\"https:\\\/\\\/www.1898miniaturas.com\\\/en\\\/?s={search_term_string}\"},\"query-input\":{\"@type\":\"PropertyValueSpecification\",\"valueRequired\":true,\"valueName\":\"search_term_string\"}}],\"inLanguage\":\"en-US\"}]}<\/script>\n<!-- \/ Yoast SEO plugin. -->","yoast_head_json":{"title":"About us - 1898 Miniaturas","robots":{"index":"index","follow":"follow","max-snippet":"max-snippet:-1","max-image-preview":"max-image-preview:large","max-video-preview":"max-video-preview:-1"},"canonical":"https:\/\/www.1898miniaturas.com\/en\/about-us\/","og_locale":"en_US","og_type":"article","og_title":"About us - 1898 Miniaturas","og_description":"OUR\u00a0VISION 1898 Miniaturas is the dream come true of Rafael G\u00f3mez and Javier G\u00f3mez 'El Mercenario'), two brothers with a decades long link to the world of miniatures that want to show their personal vision of the hobby with this project, a mix of History, modeling and wargaming. History because 1898 Miniaturas is born with [&hellip;]","og_url":"https:\/\/www.1898miniaturas.com\/en\/about-us\/","og_site_name":"1898 Miniaturas","article_modified_time":"2019-12-24T08:33:18+00:00","twitter_card":"summary_large_image","twitter_misc":{"Est. reading time":"9 minutes"},"schema":{"@context":"https:\/\/schema.org","@graph":[{"@type":"WebPage","@id":"https:\/\/www.1898miniaturas.com\/en\/about-us\/","url":"https:\/\/www.1898miniaturas.com\/en\/about-us\/","name":"About us - 1898 Miniaturas","isPartOf":{"@id":"https:\/\/www.1898miniaturas.com\/en\/#website"},"datePublished":"2016-11-02T16:14:31+00:00","dateModified":"2019-12-24T08:33:18+00:00","breadcrumb":{"@id":"https:\/\/www.1898miniaturas.com\/en\/about-us\/#breadcrumb"},"inLanguage":"en-US","potentialAction":[{"@type":"ReadAction","target":["https:\/\/www.1898miniaturas.com\/en\/about-us\/"]}]},{"@type":"BreadcrumbList","@id":"https:\/\/www.1898miniaturas.com\/en\/about-us\/#breadcrumb","itemListElement":[{"@type":"ListItem","position":1,"name":"Portada","item":"https:\/\/www.1898miniaturas.com\/en\/"},{"@type":"ListItem","position":2,"name":"About us"}]},{"@type":"WebSite","@id":"https:\/\/www.1898miniaturas.com\/en\/#website","url":"https:\/\/www.1898miniaturas.com\/en\/","name":"1898 Miniaturas","description":"","potentialAction":[{"@type":"SearchAction","target":{"@type":"EntryPoint","urlTemplate":"https:\/\/www.1898miniaturas.com\/en\/?s={search_term_string}"},"query-input":{"@type":"PropertyValueSpecification","valueRequired":true,"valueName":"search_term_string"}}],"inLanguage":"en-US"}]}},"_links":{"self":[{"href":"https:\/\/www.1898miniaturas.com\/en\/wp-json\/wp\/v2\/pages\/597","targetHints":{"allow":["GET"]}}],"collection":[{"href":"https:\/\/www.1898miniaturas.com\/en\/wp-json\/wp\/v2\/pages"}],"about":[{"href":"https:\/\/www.1898miniaturas.com\/en\/wp-json\/wp\/v2\/types\/page"}],"author":[{"embeddable":true,"href":"https:\/\/www.1898miniaturas.com\/en\/wp-json\/wp\/v2\/users\/1"}],"replies":[{"embeddable":true,"href":"https:\/\/www.1898miniaturas.com\/en\/wp-json\/wp\/v2\/comments?post=597"}],"version-history":[{"count":8,"href":"https:\/\/www.1898miniaturas.com\/en\/wp-json\/wp\/v2\/pages\/597\/revisions"}],"predecessor-version":[{"id":2659,"href":"https:\/\/www.1898miniaturas.com\/en\/wp-json\/wp\/v2\/pages\/597\/revisions\/2659"}],"wp:attachment":[{"href":"https:\/\/www.1898miniaturas.com\/en\/wp-json\/wp\/v2\/media?parent=597"}],"curies":[{"name":"wp","href":"https:\/\/api.w.org\/{rel}","templated":true}]}}